{"id":767,"date":"2021-04-26T21:21:25","date_gmt":"2021-04-26T19:21:25","guid":{"rendered":"https:\/\/www.multikontrast.de\/kaiserhof\/feiern-tagen\/"},"modified":"2025-11-03T09:16:07","modified_gmt":"2025-11-03T08:16:07","slug":"celebrations-and-meetings","status":"publish","type":"page","link":"https:\/\/www.kaiserhof-rv.de\/en\/celebrations-and-meetings\/","title":{"rendered":"Celebrations and meetings"},"content":{"rendered":"","protected":false},"excerpt":{"rendered":"","protected":false},"author":2,"featured_media":10672,"parent":0,"menu_order":22,"comment_status":"closed","ping_status":"closed","template":"","meta":{"_acf_changed":false,"footnotes":""},"class_list":["post-767","page","type-page","status-publish","has-post-thumbnail","hentry"],"acf":[],"yoast_head":"<!-- This site is optimized with the Yoast SEO plugin v27.4 - https:\/\/yoast.com\/product\/yoast-seo-wordpress\/ -->\n<title>Conferences, events and workshops | Hotel Kaiserhof Ravensburg<\/title>\n<meta name=\"description\" content=\"Your event at the Kaiserhof: service and culinary delights at a high level, spacious rooms, top equipment and state-of-the-art technology.\" \/>\n<meta name=\"robots\" content=\"index, follow, max-snippet:-1, max-image-preview:large, max-video-preview:-1\" \/>\n<link rel=\"canonical\" href=\"https:\/\/www.kaiserhof-rv.de\/en\/celebrations-and-meetings\/\" \/>\n<meta property=\"og:locale\" content=\"en_US\" \/>\n<meta property=\"og:type\" content=\"article\" \/>\n<meta property=\"og:title\" content=\"Conferences, events and workshops | Hotel Kaiserhof Ravensburg\" \/>\n<meta property=\"og:description\" content=\"Your event at the Kaiserhof: service and culinary delights at a high level, spacious rooms, top equipment and state-of-the-art technology.\" \/>\n<meta property=\"og:url\" content=\"https:\/\/www.kaiserhof-rv.de\/en\/celebrations-and-meetings\/\" \/>\n<meta property=\"og:site_name\" content=\"Hotel Kaiserhof Ravensburg\" \/>\n<meta property=\"article:publisher\" content=\"https:\/\/www.facebook.com\/KaiserhofRavensburg\/\" \/>\n<meta property=\"article:modified_time\" content=\"2025-11-03T08:16:07+00:00\" \/>\n<meta property=\"og:image\" content=\"https:\/\/www.kaiserhof-rv.de\/wp-content\/uploads\/2024\/08\/155PhotoArt_Kaiserhof_23.07.2024-1920x1302.jpg\" \/>\n\t<meta property=\"og:image:width\" content=\"1920\" \/>\n\t<meta property=\"og:image:height\" content=\"1302\" \/>\n\t<meta property=\"og:image:type\" content=\"image\/jpeg\" \/>\n<meta name=\"twitter:card\" content=\"summary_large_image\" \/>\n<script type=\"application\/ld+json\" class=\"yoast-schema-graph\">{\"@context\":\"https:\\\/\\\/schema.org\",\"@graph\":[{\"@type\":\"WebPage\",\"@id\":\"https:\\\/\\\/www.kaiserhof-rv.de\\\/en\\\/celebrations-and-meetings\\\/\",\"url\":\"https:\\\/\\\/www.kaiserhof-rv.de\\\/en\\\/celebrations-and-meetings\\\/\",\"name\":\"Conferences, events and workshops | Hotel Kaiserhof Ravensburg\",\"isPartOf\":{\"@id\":\"https:\\\/\\\/www.kaiserhof-rv.de\\\/en\\\/#website\"},\"primaryImageOfPage\":{\"@id\":\"https:\\\/\\\/www.kaiserhof-rv.de\\\/en\\\/celebrations-and-meetings\\\/#primaryimage\"},\"image\":{\"@id\":\"https:\\\/\\\/www.kaiserhof-rv.de\\\/en\\\/celebrations-and-meetings\\\/#primaryimage\"},\"thumbnailUrl\":\"https:\\\/\\\/www.kaiserhof-rv.de\\\/wp-content\\\/uploads\\\/2024\\\/08\\\/155PhotoArt_Kaiserhof_23.07.2024.jpg\",\"datePublished\":\"2021-04-26T19:21:25+00:00\",\"dateModified\":\"2025-11-03T08:16:07+00:00\",\"description\":\"Your event at the Kaiserhof: service and culinary delights at a high level, spacious rooms, top equipment and state-of-the-art technology.\",\"breadcrumb\":{\"@id\":\"https:\\\/\\\/www.kaiserhof-rv.de\\\/en\\\/celebrations-and-meetings\\\/#breadcrumb\"},\"inLanguage\":\"en-US\",\"potentialAction\":[{\"@type\":\"ReadAction\",\"target\":[\"https:\\\/\\\/www.kaiserhof-rv.de\\\/en\\\/celebrations-and-meetings\\\/\"]}]},{\"@type\":\"ImageObject\",\"inLanguage\":\"en-US\",\"@id\":\"https:\\\/\\\/www.kaiserhof-rv.de\\\/en\\\/celebrations-and-meetings\\\/#primaryimage\",\"url\":\"https:\\\/\\\/www.kaiserhof-rv.de\\\/wp-content\\\/uploads\\\/2024\\\/08\\\/155PhotoArt_Kaiserhof_23.07.2024.jpg\",\"contentUrl\":\"https:\\\/\\\/www.kaiserhof-rv.de\\\/wp-content\\\/uploads\\\/2024\\\/08\\\/155PhotoArt_Kaiserhof_23.07.2024.jpg\",\"width\":5932,\"height\":4024,\"caption\":\"Feiern und Tagen im Kaiserhof Ravensburg; Personen sto\u00dfen mit zwei Gl\u00e4sern Ros\u00e9 an\"},{\"@type\":\"BreadcrumbList\",\"@id\":\"https:\\\/\\\/www.kaiserhof-rv.de\\\/en\\\/celebrations-and-meetings\\\/#breadcrumb\",\"itemListElement\":[{\"@type\":\"ListItem\",\"position\":1,\"name\":\"Startseite\",\"item\":\"https:\\\/\\\/www.kaiserhof-rv.de\\\/en\\\/\"},{\"@type\":\"ListItem\",\"position\":2,\"name\":\"Celebrations and meetings\"}]},{\"@type\":\"WebSite\",\"@id\":\"https:\\\/\\\/www.kaiserhof-rv.de\\\/en\\\/#website\",\"url\":\"https:\\\/\\\/www.kaiserhof-rv.de\\\/en\\\/\",\"name\":\"Hotel Kaiserhof Ravensburg\",\"description\":\"\",\"publisher\":{\"@id\":\"https:\\\/\\\/www.kaiserhof-rv.de\\\/en\\\/#organization\"},\"potentialAction\":[{\"@type\":\"SearchAction\",\"target\":{\"@type\":\"EntryPoint\",\"urlTemplate\":\"https:\\\/\\\/www.kaiserhof-rv.de\\\/en\\\/?s={search_term_string}\"},\"query-input\":{\"@type\":\"PropertyValueSpecification\",\"valueRequired\":true,\"valueName\":\"search_term_string\"}}],\"inLanguage\":\"en-US\"},{\"@type\":\"Organization\",\"@id\":\"https:\\\/\\\/www.kaiserhof-rv.de\\\/en\\\/#organization\",\"name\":\"Hotel Kaiserhof Ravensburg\",\"url\":\"https:\\\/\\\/www.kaiserhof-rv.de\\\/en\\\/\",\"logo\":{\"@type\":\"ImageObject\",\"inLanguage\":\"en-US\",\"@id\":\"https:\\\/\\\/www.kaiserhof-rv.de\\\/en\\\/#\\\/schema\\\/logo\\\/image\\\/\",\"url\":\"https:\\\/\\\/www.kaiserhof-rv.de\\\/wp-content\\\/uploads\\\/2021\\\/04\\\/KH_Logo_Web.png\",\"contentUrl\":\"https:\\\/\\\/www.kaiserhof-rv.de\\\/wp-content\\\/uploads\\\/2021\\\/04\\\/KH_Logo_Web.png\",\"width\":\"399\",\"height\":\"77\",\"caption\":\"Hotel Kaiserhof Ravensburg\"},\"image\":{\"@id\":\"https:\\\/\\\/www.kaiserhof-rv.de\\\/en\\\/#\\\/schema\\\/logo\\\/image\\\/\"},\"sameAs\":[\"https:\\\/\\\/www.facebook.com\\\/KaiserhofRavensburg\\\/\",\"https:\\\/\\\/www.instagram.com\\\/kaiserhof_rv\\\/\"]}]}<\/script>\n<!-- \/ Yoast SEO plugin. -->","yoast_head_json":{"title":"Conferences, events and workshops | Hotel Kaiserhof Ravensburg","description":"Your event at the Kaiserhof: service and culinary delights at a high level, spacious rooms, top equipment and state-of-the-art technology.","robots":{"index":"index","follow":"follow","max-snippet":"max-snippet:-1","max-image-preview":"max-image-preview:large","max-video-preview":"max-video-preview:-1"},"canonical":"https:\/\/www.kaiserhof-rv.de\/en\/celebrations-and-meetings\/","og_locale":"en_US","og_type":"article","og_title":"Conferences, events and workshops | Hotel Kaiserhof Ravensburg","og_description":"Your event at the Kaiserhof: service and culinary delights at a high level, spacious rooms, top equipment and state-of-the-art technology.","og_url":"https:\/\/www.kaiserhof-rv.de\/en\/celebrations-and-meetings\/","og_site_name":"Hotel Kaiserhof Ravensburg","article_publisher":"https:\/\/www.facebook.com\/KaiserhofRavensburg\/","article_modified_time":"2025-11-03T08:16:07+00:00","og_image":[{"width":1920,"height":1302,"url":"https:\/\/www.kaiserhof-rv.de\/wp-content\/uploads\/2024\/08\/155PhotoArt_Kaiserhof_23.07.2024-1920x1302.jpg","type":"image\/jpeg"}],"twitter_card":"summary_large_image","schema":{"@context":"https:\/\/schema.org","@graph":[{"@type":"WebPage","@id":"https:\/\/www.kaiserhof-rv.de\/en\/celebrations-and-meetings\/","url":"https:\/\/www.kaiserhof-rv.de\/en\/celebrations-and-meetings\/","name":"Conferences, events and workshops | Hotel Kaiserhof Ravensburg","isPartOf":{"@id":"https:\/\/www.kaiserhof-rv.de\/en\/#website"},"primaryImageOfPage":{"@id":"https:\/\/www.kaiserhof-rv.de\/en\/celebrations-and-meetings\/#primaryimage"},"image":{"@id":"https:\/\/www.kaiserhof-rv.de\/en\/celebrations-and-meetings\/#primaryimage"},"thumbnailUrl":"https:\/\/www.kaiserhof-rv.de\/wp-content\/uploads\/2024\/08\/155PhotoArt_Kaiserhof_23.07.2024.jpg","datePublished":"2021-04-26T19:21:25+00:00","dateModified":"2025-11-03T08:16:07+00:00","description":"Your event at the Kaiserhof: service and culinary delights at a high level, spacious rooms, top equipment and state-of-the-art technology.","breadcrumb":{"@id":"https:\/\/www.kaiserhof-rv.de\/en\/celebrations-and-meetings\/#breadcrumb"},"inLanguage":"en-US","potentialAction":[{"@type":"ReadAction","target":["https:\/\/www.kaiserhof-rv.de\/en\/celebrations-and-meetings\/"]}]},{"@type":"ImageObject","inLanguage":"en-US","@id":"https:\/\/www.kaiserhof-rv.de\/en\/celebrations-and-meetings\/#primaryimage","url":"https:\/\/www.kaiserhof-rv.de\/wp-content\/uploads\/2024\/08\/155PhotoArt_Kaiserhof_23.07.2024.jpg","contentUrl":"https:\/\/www.kaiserhof-rv.de\/wp-content\/uploads\/2024\/08\/155PhotoArt_Kaiserhof_23.07.2024.jpg","width":5932,"height":4024,"caption":"Feiern und Tagen im Kaiserhof Ravensburg; Personen sto\u00dfen mit zwei Gl\u00e4sern Ros\u00e9 an"},{"@type":"BreadcrumbList","@id":"https:\/\/www.kaiserhof-rv.de\/en\/celebrations-and-meetings\/#breadcrumb","itemListElement":[{"@type":"ListItem","position":1,"name":"Startseite","item":"https:\/\/www.kaiserhof-rv.de\/en\/"},{"@type":"ListItem","position":2,"name":"Celebrations and meetings"}]},{"@type":"WebSite","@id":"https:\/\/www.kaiserhof-rv.de\/en\/#website","url":"https:\/\/www.kaiserhof-rv.de\/en\/","name":"Hotel Kaiserhof Ravensburg","description":"","publisher":{"@id":"https:\/\/www.kaiserhof-rv.de\/en\/#organization"},"potentialAction":[{"@type":"SearchAction","target":{"@type":"EntryPoint","urlTemplate":"https:\/\/www.kaiserhof-rv.de\/en\/?s={search_term_string}"},"query-input":{"@type":"PropertyValueSpecification","valueRequired":true,"valueName":"search_term_string"}}],"inLanguage":"en-US"},{"@type":"Organization","@id":"https:\/\/www.kaiserhof-rv.de\/en\/#organization","name":"Hotel Kaiserhof Ravensburg","url":"https:\/\/www.kaiserhof-rv.de\/en\/","logo":{"@type":"ImageObject","inLanguage":"en-US","@id":"https:\/\/www.kaiserhof-rv.de\/en\/#\/schema\/logo\/image\/","url":"https:\/\/www.kaiserhof-rv.de\/wp-content\/uploads\/2021\/04\/KH_Logo_Web.png","contentUrl":"https:\/\/www.kaiserhof-rv.de\/wp-content\/uploads\/2021\/04\/KH_Logo_Web.png","width":"399","height":"77","caption":"Hotel Kaiserhof Ravensburg"},"image":{"@id":"https:\/\/www.kaiserhof-rv.de\/en\/#\/schema\/logo\/image\/"},"sameAs":["https:\/\/www.facebook.com\/KaiserhofRavensburg\/","https:\/\/www.instagram.com\/kaiserhof_rv\/"]}]}},"_links":{"self":[{"href":"https:\/\/www.kaiserhof-rv.de\/en\/wp-json\/wp\/v2\/pages\/767","targetHints":{"allow":["GET"]}}],"collection":[{"href":"https:\/\/www.kaiserhof-rv.de\/en\/wp-json\/wp\/v2\/pages"}],"about":[{"href":"https:\/\/www.kaiserhof-rv.de\/en\/wp-json\/wp\/v2\/types\/page"}],"author":[{"embeddable":true,"href":"https:\/\/www.kaiserhof-rv.de\/en\/wp-json\/wp\/v2\/users\/2"}],"replies":[{"embeddable":true,"href":"https:\/\/www.kaiserhof-rv.de\/en\/wp-json\/wp\/v2\/comments?post=767"}],"version-history":[{"count":37,"href":"https:\/\/www.kaiserhof-rv.de\/en\/wp-json\/wp\/v2\/pages\/767\/revisions"}],"predecessor-version":[{"id":14478,"href":"https:\/\/www.kaiserhof-rv.de\/en\/wp-json\/wp\/v2\/pages\/767\/revisions\/14478"}],"wp:featuredmedia":[{"embeddable":true,"href":"https:\/\/www.kaiserhof-rv.de\/en\/wp-json\/wp\/v2\/media\/10672"}],"wp:attachment":[{"href":"https:\/\/www.kaiserhof-rv.de\/en\/wp-json\/wp\/v2\/media?parent=767"}],"curies":[{"name":"wp","href":"https:\/\/api.w.org\/{rel}","templated":true}]}}